{"id":67,"date":"2014-08-25T16:48:28","date_gmt":"2014-08-25T16:48:28","guid":{"rendered":"http:\/\/www.atlas-almura.net\/?page_id=67"},"modified":"2016-02-15T11:21:25","modified_gmt":"2016-02-15T11:21:25","slug":"equipe-et-contacts","status":"publish","type":"page","link":"https:\/\/www.atlas-almura.net\/?page_id=67","title":{"rendered":"Equipe et contacts"},"content":{"rendered":"<h3 style=\"text-align: center;\">Atlas Linguistique Multim\u00e9dia de la R\u00e9gion Rh\u00f4ne-Alpes<\/h3>\n<p><strong>Direction :<\/strong> Jeanine Elisa M\u00e9d\u00e9lice<br \/>\n<strong>Montage du projet :<\/strong> Jeanine Elisa M\u00e9d\u00e9lice, Michel Contini<\/p>\n<h3 style=\"text-align: center;\">R\u00e9alisation<\/h3>\n<p><strong>Questionnaires :<\/strong> Carole Chauvin-Payan, Jeanine Elisa M\u00e9d\u00e9lice, C\u00e9line Signorini<\/p>\n<p><strong>Enqu\u00eates : <\/strong>Jeanine Elisa M\u00e9d\u00e9lice, Karine Perrier-Rosset, Christian Pevet<\/p>\n<p><strong>Conception du premier site Almura (2006)<\/strong> : J\u00e9r\u00f4me Nowicki<br \/>\n<strong>Refonte et r\u00e9alisation du second site Almura (2015) :<\/strong> Marianne Dubacq<\/p>\n<h3 style=\"text-align: center;\">Contact<\/h3>\n\n<div class=\"wpcf7 no-js\" id=\"wpcf7-f4640-o1\" lang=\"fr-FR\" dir=\"ltr\">\n<div class=\"screen-reader-response\"><p role=\"status\" aria-live=\"polite\" aria-atomic=\"true\"><\/p> <ul><\/ul><\/div>\n<form action=\"\/index.php?rest_route=%2Fwp%2Fv2%2Fpages%2F67#wpcf7-f4640-o1\" method=\"post\" class=\"wpcf7-form init\" aria-label=\"Formulaire de contact\" novalidate=\"novalidate\" data-status=\"init\">\n<div style=\"display: none;\">\n<input type=\"hidden\" name=\"_wpcf7\" value=\"4640\" \/>\n<input type=\"hidden\" name=\"_wpcf7_version\" value=\"5.9.3\" \/>\n<input type=\"hidden\" name=\"_wpcf7_locale\" value=\"fr_FR\" \/>\n<input type=\"hidden\" name=\"_wpcf7_unit_tag\" value=\"wpcf7-f4640-o1\" \/>\n<input type=\"hidden\" name=\"_wpcf7_container_post\" value=\"0\" \/>\n<input type=\"hidden\" name=\"_wpcf7_posted_data_hash\" value=\"\" \/>\n<\/div>\n<p>Votre nom (obligatoire)\n<\/p>\n<p><span class=\"wpcf7-form-control-wrap\" data-name=\"your-name\"><input size=\"40\" class=\"wpcf7-form-control wpcf7-text wpcf7-validates-as-required\" aria-required=\"true\" aria-invalid=\"false\" value=\"\" type=\"text\" name=\"your-name\" \/><\/span>\n<\/p>\n<p>Votre email (obligatoire)\n<\/p>\n<p><span class=\"wpcf7-form-control-wrap\" data-name=\"your-email\"><input size=\"40\" class=\"wpcf7-form-control wpcf7-email wpcf7-validates-as-required wpcf7-text wpcf7-validates-as-email\" aria-required=\"true\" aria-invalid=\"false\" value=\"\" type=\"email\" name=\"your-email\" \/><\/span>\n<\/p>\n<p>Vous souhaitez :\n<\/p>\n<p><span class=\"wpcf7-form-control-wrap\" data-name=\"menu-85\"><select class=\"wpcf7-form-control wpcf7-select wpcf7-validates-as-required\" aria-required=\"true\" aria-invalid=\"false\" name=\"menu-85\"><option value=\"Contacter l&#039;\u00e9quipe de recherche\">Contacter l&#039;\u00e9quipe de recherche<\/option><option value=\"Contacter le webmaster\">Contacter le webmaster<\/option><\/select><\/span>\n<\/p>\n<p>Sujet\n<\/p>\n<p><span class=\"wpcf7-form-control-wrap\" data-name=\"your-subject\"><input size=\"40\" class=\"wpcf7-form-control wpcf7-text\" aria-invalid=\"false\" value=\"\" type=\"text\" name=\"your-subject\" \/><\/span>\n<\/p>\n<p>Votre message\n<\/p>\n<p><span class=\"wpcf7-form-control-wrap\" data-name=\"your-message\"><textarea cols=\"40\" rows=\"10\" class=\"wpcf7-form-control wpcf7-textarea\" aria-invalid=\"false\" name=\"your-message\"><\/textarea><\/span>\n<\/p>\n<p><span class=\"wpcf7-form-control-wrap\" data-name=\"quiz-839\"><label><span class=\"wpcf7-quiz-label\">1+1=<\/span> <input size=\"40\" class=\"wpcf7-form-control wpcf7-quiz\" autocomplete=\"off\" aria-required=\"true\" aria-invalid=\"false\" type=\"text\" name=\"quiz-839\" \/><\/label><input type=\"hidden\" name=\"_wpcf7_quiz_answer_quiz-839\" value=\"9ac69e50a548da9b5f17d50596b9c9fb\" \/><\/span>\n<\/p>\n<p><input class=\"wpcf7-form-control wpcf7-submit has-spinner\" type=\"submit\" value=\"Envoyer\" \/>\n<\/p><div class=\"wpcf7-response-output\" aria-hidden=\"true\"><\/div>\n<\/form>\n<\/div>\n\n<p>&nbsp;<\/p>\n","protected":false},"excerpt":{"rendered":"<p>Atlas Linguistique Multim\u00e9dia de la R\u00e9gion Rh\u00f4ne-Alpes Direction : Jeanine Elisa M\u00e9d\u00e9lice Montage du projet : Jeanine Elisa M\u00e9d\u00e9lice, Michel Contini R\u00e9alisation Questionnaires : Carole Chauvin-Payan, Jeanine Elisa M\u00e9d\u00e9lice, C\u00e9line Signorini Enqu\u00eates : Jeanine Elisa M\u00e9d\u00e9lice, Karine Perrier-Rosset, Christian Pevet Conception du premier site Almura (2006) : J\u00e9r\u00f4me Nowicki Refonte et r\u00e9alisation du second site [&hellip;]<\/p>\n","protected":false},"author":1,"featured_media":0,"parent":0,"menu_order":0,"comment_status":"closed","ping_status":"closed","template":"page-templates\/full-width.php","meta":{"footnotes":""},"_links":{"self":[{"href":"https:\/\/www.atlas-almura.net\/index.php?rest_route=\/wp\/v2\/pages\/67"}],"collection":[{"href":"https:\/\/www.atlas-almura.net\/index.php?rest_route=\/wp\/v2\/pages"}],"about":[{"href":"https:\/\/www.atlas-almura.net\/index.php?rest_route=\/wp\/v2\/types\/page"}],"author":[{"embeddable":true,"href":"https:\/\/www.atlas-almura.net\/index.php?rest_route=\/wp\/v2\/users\/1"}],"replies":[{"embeddable":true,"href":"https:\/\/www.atlas-almura.net\/index.php?rest_route=%2Fwp%2Fv2%2Fcomments&post=67"}],"version-history":[{"count":9,"href":"https:\/\/www.atlas-almura.net\/index.php?rest_route=\/wp\/v2\/pages\/67\/revisions"}],"predecessor-version":[{"id":4641,"href":"https:\/\/www.atlas-almura.net\/index.php?rest_route=\/wp\/v2\/pages\/67\/revisions\/4641"}],"wp:attachment":[{"href":"https:\/\/www.atlas-almura.net\/index.php?rest_route=%2Fwp%2Fv2%2Fmedia&parent=67"}],"curies":[{"name":"wp","href":"https:\/\/api.w.org\/{rel}","templated":true}]}}