{"id":4646,"date":"2015-06-18T13:11:09","date_gmt":"2015-06-18T13:11:09","guid":{"rendered":"http:\/\/www.atlas-almura.net\/?page_id=4646"},"modified":"2015-06-21T16:17:40","modified_gmt":"2015-06-21T16:17:40","slug":"mentions-legales","status":"publish","type":"page","link":"https:\/\/www.atlas-almura.net\/?page_id=4646","title":{"rendered":"Mentions l\u00e9gales"},"content":{"rendered":"<p style=\"text-align: justify;\">Vous visitez le site internet de l&rsquo;atlas Almura.<\/p>\n<p style=\"text-align: justify;\">Les mentions l\u00e9gales qui suivent s&rsquo;appliquent \u00e0 tout internaute visitant ce site. Nous vous remercions d&rsquo;en prendre connaissance attentivement avant tout acc\u00e8s aux pages contenues dans ce site.<\/p>\n<p style=\"text-align: justify;\">Ce site a \u00e9t\u00e9 cr\u00e9\u00e9 par Jeanine Elisa M\u00e9d\u00e9lice et Marianne Dubacq. Les informations qui y sont regroup\u00e9es sont uniquement destin\u00e9es \u00e0 une pr\u00e9sentation de l&rsquo;Atlas Linguistique Multimedia de la R\u00e9gion Rh\u00f4ne-Alpes.<br \/>\nL&rsquo;\u00e9quipe de l&rsquo;Atlas Almura se r\u00e9serve le droit de modifier le contenu du site \u00e0 tout moment et sans pr\u00e9avis et ne pourra \u00eatre tenue responsable des cons\u00e9quences de telles modifications. L&rsquo;acc\u00e8s et l&rsquo;utilisation de ce site sont soumis aux conditions qui suivent ainsi qu&rsquo;aux dispositions l\u00e9gales en vigueur. En acc\u00e9dant \u00e0 ce site, vous acceptez, sans limitation ni r\u00e9serves, ces conditions.<\/p>\n<p style=\"text-align: justify;\">Responsabilit\u00e9s<\/p>\n<p style=\"text-align: justify;\">Directrice de publication : Jeanine Elisa M\u00e9d\u00e9lice<br \/>\nWebmestre : Marianne Dubacq<\/p>\n<p style=\"text-align: justify;\">H\u00e9bergement : Firstheberg.com<\/p>\n<p style=\"text-align: justify;\">Pour le d\u00e9tail des responsabilit\u00e9s et les cr\u00e9dits, consulter la page cr\u00e9dits<\/p>\n<p style=\"text-align: justify;\">Contenus du site<br \/>\nL&rsquo;\u00e9quipe de l&rsquo;Atlas Almura fournit ces informations \u00e0 des fins purement informatives et s&rsquo;efforce de contr\u00f4ler la v\u00e9racit\u00e9 des informations et de maintenir le site \u00e0 jour. Cependant, aucune garantie n&rsquo;est apport\u00e9e concernant l&rsquo;exactitude, la pr\u00e9cision, la mise \u00e0 jour ou l&rsquo;exhaustivit\u00e9 des informations mises \u00e0 la disposition sur le site.<br \/>\nPar cons\u00e9quent et \u00e0 l&rsquo;exception d&rsquo;une faute lourde ou intentionnelle, l&rsquo;\u00e9quipe de l&rsquo;Atlas Almura d\u00e9cline toute responsabilit\u00e9 pour tout dommage r\u00e9sultant notamment d&rsquo;une impr\u00e9cision ou inexactitude des informations disponibles sur notre site ou pour toute atteinte r\u00e9sultant d&rsquo;une intrusion frauduleuse d&rsquo;un tiers sur notre site avec l&rsquo;intention de nuire aux int\u00e9r\u00eats ou \u00e0 l&rsquo;image de l&rsquo;\u00e9tablissement, notamment en d\u00e9naturant les informations r\u00e9pertori\u00e9es sur le site.<br \/>\nLa responsabilit\u00e9 de l&rsquo;\u00e9quipe de l&rsquo;Atlas Almura ne saurait \u00eatre retenue pour tout dommage ou virus qui pourrait endommager ou rendre inutilisable votre \u00e9quipement informatique suite \u00e0 la visite de notre site malgr\u00e9 les actions de s\u00e9curisation mises en \u0153uvre.<\/p>\n<p style=\"text-align: justify;\">Liens hypertextes<br \/>\nLe site de l\u2019atlas Almura autorise la mise en place d\u2019un lien hypertexte pointant vers son contenu sous r\u00e9serve :<\/p>\n<ul style=\"text-align: justify;\">\n<li>de ne pas utiliser d\u2019\u00e9l\u00e9ments du Site \u00e0 l\u2019int\u00e9rieur d\u2019un autre site par le biais d\u2019inclusions, de cadres, d\u2019inlining ou de proc\u00e9d\u00e9s similaires.<\/li>\n<li>de ne pas utiliser la technique du lien profond dit deep linking pour pointer notamment vers des documents graphiques, multim\u00e9dia ou anim\u00e9s (format jpeg, gif, etc.) ou tout autre document texte (format txt, doc, rtf, pdf, etc.), que ceux-ci soient t\u00e9l\u00e9chargeables ou non.<\/li>\n<li>que la balise du lien mentionne \u00ab atlas Almura \u00bb,<\/li>\n<\/ul>\n<p style=\"text-align: justify;\">Sont exclus de cette autorisation les sites diffusant des informations \u00e0 caract\u00e8re illicite, violent, pol\u00e9mique, pornographique, x\u00e9nophobe ou pouvant porter atteinte \u00e0 la sensibilit\u00e9 du plus grand nombre.<br \/>\nAfin de faciliter l\u2019acc\u00e8s \u00e0 d\u2019autres sites susceptibles d\u2019apporter un compl\u00e9ment d\u2019information, l&rsquo;\u00e9quipe de l&rsquo;Atlas Almura a ins\u00e9r\u00e9 dans son site un certain nombre de liens hypertexte. N\u00e9anmoins, sa responsabilit\u00e9 ne saurait \u00eatre engag\u00e9e au titre d\u2019un site tiers auquel un usager aurait eu acc\u00e8s via notre site et pr\u00e9sentant des contenus litigieux ou inexacts.<\/p>\n<p style=\"text-align: justify;\">Propri\u00e9t\u00e9 intellectuelle<br \/>\nDroits d&rsquo;auteur et Copyright<br \/>\n<span style=\"color: #ff6600;\">\u00a9 Tous droits r\u00e9serv\u00e9s \u00e0<\/span><\/p>\n<p style=\"text-align: justify;\">L&rsquo;ensemble de ce site rel\u00e8ve de la l\u00e9gislation fran\u00e7aise et internationale sur le droit d&rsquo;auteur et la propri\u00e9t\u00e9 intellectuelle. Les droits de reproduction sont r\u00e9serv\u00e9s pour toutes les photographies, images, textes, logos, noms de domaine, documents t\u00e9l\u00e9chargeables, etc. contenus sur ce site. Ils sont soit la propri\u00e9t\u00e9 de l&rsquo;\u00e9quipe de l&rsquo;Atlas Almura ou font l&rsquo;objet d&rsquo;une autorisation d&rsquo;utilisation. Toute utilisation par reproduction, modification, t\u00e9l\u00e9chargement, transmission ou autre proc\u00e9d\u00e9 existant pr\u00e9sent ou futur est soumise \u00e0 une autorisation \u00e9crite pr\u00e9alable (courrier, courriel, fax). Seules les copies \u00e0 usage priv\u00e9 et non-commercial sont autoris\u00e9es sous r\u00e9serve des droits de propri\u00e9t\u00e9 intellectuelle dont il est fait mention. Tout contrevenant s&rsquo;expose \u00e0 des poursuites judiciaires.<br \/>\nSeules les copies \u00e0 usage priv\u00e9 et non-commercial sont autoris\u00e9es sous r\u00e9serve du respect des trois conditions suivantes :<\/p>\n<ul style=\"text-align: justify;\">\n<li>gratuit\u00e9 de la diffusion ;<\/li>\n<li>respect de l&rsquo;int\u00e9grit\u00e9 des documents reproduits : pas de modification ni alt\u00e9ration d&rsquo;aucune sorte ;<\/li>\n<li>ajout de fa\u00e7on claire et lisible de la source (URL du document original en ligne sur le site) et de la mention suivante : \u00a9 atlas-Almura \u2013 Droits r\u00e9serv\u00e9s.<\/li>\n<\/ul>\n<p style=\"text-align: justify;\">Pour toute demande de reproduction sur tout type de support, contacter :<\/p>\n<p style=\"text-align: justify;\"><span style=\"color: #ff6600;\">Professeure Jeanine Elisa M\u00e9d\u00e9lice &#8211; C205<\/span><br \/>\n<span style=\"color: #ff6600;\"> Universit\u00e9 Stendhal-Grenoble 3<\/span><br \/>\n<span style=\"color: #ff6600;\"> BP 25 &#8211; 38040 Grenoble cedex 9<\/span><br \/>\n<span style=\"color: #ff6600;\"> Courriel : jeanine.medelice@u-grenoble3.fr<\/span><\/p>\n<p style=\"text-align: justify;\">Protection des donn\u00e9es personnelles<br \/>\nLes donn\u00e9es personnelles sont prot\u00e9g\u00e9es par les textes suivants :<\/p>\n<p style=\"text-align: justify;\">Loi du 6 janvier 1978 article 226-13 du Code P\u00e9nal (France) modifi\u00e9e par la loi du 6 ao\u00fbt 2004 sur \u00ab\u00a0la protection des personnes physiques \u00e0 l&rsquo;\u00e9gard du traitement des donn\u00e9es \u00e0 caract\u00e8re personnelles et \u00e0 la libre circulation des donn\u00e9es\u00a0\u00bb, loi sur la confiance dans l&rsquo;\u00e9conomie num\u00e9rique du 21 juin\u00a0 2004, la Directive europ\u00e9enne du 24 octobre 1995 et la Directive 2000\/31\/CE du parlement europ\u00e9en et du conseil.<\/p>\n<p style=\"text-align: justify;\">Vous pouvez trouver la Loi relative \u00e0 l&rsquo;informatique, aux fichiers et aux libert\u00e9s sur le site de la Commission Nationale de l&rsquo;Informatique et des Libert\u00e9s, \u00e0 l&rsquo;adresse suivante : <a href=\"http:\/\/www.cnil.fr.\">http:\/\/www.cnil.fr<\/a><br \/>\nQuand vous naviguez sur ce site, chaque clic sur un lien correspond \u00e0 un ordre adress\u00e9 au serveur du site. Ces requ\u00eates sont transmises et conserv\u00e9es dans un journal de connexion appel\u00e9 aussi \u00ab fichier de log \u00bb. Ces fichiers ne sont utilis\u00e9s que pour assurer la bonne marche du syst\u00e8me ou rechercher l\u2019origine de tentatives de compromission du site, selon la l\u00e9gislation en vigueur.<br \/>\nVous disposez d\u2019un droit d\u2019acc\u00e8s, de rectification et d\u2019opposition aux donn\u00e9es vous concernant que vous pouvez exercer en contactant :<\/p>\n<p style=\"text-align: justify;\"><span style=\"color: #ff6600;\">Professeure Jeanine Elisa M\u00e9d\u00e9lice &#8211; C205<\/span><br \/>\n<span style=\"color: #ff6600;\"> Universit\u00e9 Stendhal-Grenoble 3<\/span><br \/>\n<span style=\"color: #ff6600;\"> BP 25 &#8211; 38040 Grenoble cedex 9<\/span><br \/>\n<span style=\"color: #ff6600;\"> Courriel : jeanine.medelice@u-grenoble3.fr<\/span><\/p>\n<p style=\"text-align: justify;\">Statistiques<br \/>\nCe site utilise Google Analytics, un service d&rsquo;analyse de site internet fourni par Google Inc. (\u00ab Google \u00bb). Google Analytics utilise des cookies, qui sont des fichiers texte plac\u00e9s sur votre ordinateur, pour aider le site internet \u00e0 analyser l&rsquo;utilisation du site par ses utilisateurs. Les donn\u00e9es g\u00e9n\u00e9r\u00e9es par les cookies concernant votre utilisation du site (y compris votre adresse IP) seront transmises et stock\u00e9es par Google sur des serveurs situ\u00e9s aux Etats-Unis. Google utilisera cette information dans le but d&rsquo;\u00e9valuer votre utilisation du site, de compiler des rapports sur l&rsquo;activit\u00e9 du site \u00e0 destination de son \u00e9diteur et de fournir d&rsquo;autres services relatifs \u00e0 l&rsquo;activit\u00e9 du site et \u00e0 l&rsquo;utilisation d&rsquo;Internet. Google est susceptible de communiquer ces donn\u00e9es \u00e0 des tiers en cas d&rsquo;obligation l\u00e9gale ou lorsque ces tiers traitent ces donn\u00e9es pour le compte de Google, y compris notamment l&rsquo;\u00e9diteur de ce site. Google ne recoupera pas votre adresse IP avec toute autre donn\u00e9e d\u00e9tenue par Google.<\/p>\n<p style=\"text-align: justify;\">Vous pouvez d\u00e9sactiver l&rsquo;utilisation de cookies en s\u00e9lectionnant les param\u00e8tres appropri\u00e9s de votre navigateur. Cependant, une telle d\u00e9sactivation pourrait emp\u00eacher l&rsquo;utilisation de certaines fonctionnalit\u00e9s de ce site. En utilisant ce site internet, vous consentez express\u00e9ment au traitement de vos donn\u00e9es nominatives par Google dans les conditions et pour les finalit\u00e9s d\u00e9crites ci-dessus.<\/p>\n","protected":false},"excerpt":{"rendered":"<p>Vous visitez le site internet de l&rsquo;atlas Almura. Les mentions l\u00e9gales qui suivent s&rsquo;appliquent \u00e0 tout internaute visitant ce site. Nous vous remercions d&rsquo;en prendre connaissance attentivement avant tout acc\u00e8s aux pages contenues dans ce site. Ce site a \u00e9t\u00e9 cr\u00e9\u00e9 par Jeanine Elisa M\u00e9d\u00e9lice et Marianne Dubacq. Les informations qui y sont regroup\u00e9es sont [&hellip;]<\/p>\n","protected":false},"author":1,"featured_media":0,"parent":0,"menu_order":0,"comment_status":"closed","ping_status":"closed","template":"page-templates\/full-width.php","meta":{"footnotes":""},"_links":{"self":[{"href":"https:\/\/www.atlas-almura.net\/index.php?rest_route=\/wp\/v2\/pages\/4646"}],"collection":[{"href":"https:\/\/www.atlas-almura.net\/index.php?rest_route=\/wp\/v2\/pages"}],"about":[{"href":"https:\/\/www.atlas-almura.net\/index.php?rest_route=\/wp\/v2\/types\/page"}],"author":[{"embeddable":true,"href":"https:\/\/www.atlas-almura.net\/index.php?rest_route=\/wp\/v2\/users\/1"}],"replies":[{"embeddable":true,"href":"https:\/\/www.atlas-almura.net\/index.php?rest_route=%2Fwp%2Fv2%2Fcomments&post=4646"}],"version-history":[{"count":3,"href":"https:\/\/www.atlas-almura.net\/index.php?rest_route=\/wp\/v2\/pages\/4646\/revisions"}],"predecessor-version":[{"id":4658,"href":"https:\/\/www.atlas-almura.net\/index.php?rest_route=\/wp\/v2\/pages\/4646\/revisions\/4658"}],"wp:attachment":[{"href":"https:\/\/www.atlas-almura.net\/index.php?rest_route=%2Fwp%2Fv2%2Fmedia&parent=4646"}],"curies":[{"name":"wp","href":"https:\/\/api.w.org\/{rel}","templated":true}]}}