{"id":366,"date":"2014-09-25T19:27:50","date_gmt":"2014-09-25T19:27:50","guid":{"rendered":"http:\/\/www.atlas-almura.net\/?page_id=366"},"modified":"2014-09-25T19:27:57","modified_gmt":"2014-09-25T19:27:57","slug":"de-ce-cote-le-santier-est-trop-etroit","status":"publish","type":"page","link":"https:\/\/www.atlas-almura.net\/?page_id=366","title":{"rendered":"De ce c\u00f4t\u00e9, le sentier est trop \u00e9troit"},"content":{"rendered":"<p><iframe loading=\"lazy\" width=\"600\" height=\"581\" src=\"wp-content\/sitealmura\/4-5a.html\"><\/iframe><\/p>\n","protected":false},"excerpt":{"rendered":"","protected":false},"author":1,"featured_media":0,"parent":0,"menu_order":0,"comment_status":"closed","ping_status":"closed","template":"","meta":{"footnotes":""},"_links":{"self":[{"href":"https:\/\/www.atlas-almura.net\/index.php?rest_route=\/wp\/v2\/pages\/366"}],"collection":[{"href":"https:\/\/www.atlas-almura.net\/index.php?rest_route=\/wp\/v2\/pages"}],"about":[{"href":"https:\/\/www.atlas-almura.net\/index.php?rest_route=\/wp\/v2\/types\/page"}],"author":[{"embeddable":true,"href":"https:\/\/www.atlas-almura.net\/index.php?rest_route=\/wp\/v2\/users\/1"}],"replies":[{"embeddable":true,"href":"https:\/\/www.atlas-almura.net\/index.php?rest_route=%2Fwp%2Fv2%2Fcomments&post=366"}],"version-history":[{"count":2,"href":"https:\/\/www.atlas-almura.net\/index.php?rest_route=\/wp\/v2\/pages\/366\/revisions"}],"predecessor-version":[{"id":368,"href":"https:\/\/www.atlas-almura.net\/index.php?rest_route=\/wp\/v2\/pages\/366\/revisions\/368"}],"wp:attachment":[{"href":"https:\/\/www.atlas-almura.net\/index.php?rest_route=%2Fwp%2Fv2%2Fmedia&parent=366"}],"curies":[{"name":"wp","href":"https:\/\/api.w.org\/{rel}","templated":true}]}}