{"id":3053,"date":"2014-11-03T10:45:29","date_gmt":"2014-11-03T10:45:29","guid":{"rendered":"http:\/\/www.atlas-almura.net\/?page_id=3053"},"modified":"2014-11-03T10:45:29","modified_gmt":"2014-11-03T10:45:29","slug":"quoffrait-on-aux-voisins-le-jour-ou-on-tuait-le-cochon","status":"publish","type":"page","link":"https:\/\/www.atlas-almura.net\/?page_id=3053","title":{"rendered":"Qu&rsquo;offrait-on aux voisins le jour o\u00f9 on tuait le cochon?"},"content":{"rendered":"<p><em>R\u00e9pondre \u00e0 la question<\/em><\/p>\n<p><iframe loading=\"lazy\" width=\"600\" height=\"581\" src=\"wp-content\/sitealmura\/23-16a.html\"><\/iframe><\/p>\n","protected":false},"excerpt":{"rendered":"<p>R\u00e9pondre \u00e0 la question<\/p>\n","protected":false},"author":1,"featured_media":0,"parent":0,"menu_order":0,"comment_status":"closed","ping_status":"closed","template":"","meta":{"footnotes":""},"_links":{"self":[{"href":"https:\/\/www.atlas-almura.net\/index.php?rest_route=\/wp\/v2\/pages\/3053"}],"collection":[{"href":"https:\/\/www.atlas-almura.net\/index.php?rest_route=\/wp\/v2\/pages"}],"about":[{"href":"https:\/\/www.atlas-almura.net\/index.php?rest_route=\/wp\/v2\/types\/page"}],"author":[{"embeddable":true,"href":"https:\/\/www.atlas-almura.net\/index.php?rest_route=\/wp\/v2\/users\/1"}],"replies":[{"embeddable":true,"href":"https:\/\/www.atlas-almura.net\/index.php?rest_route=%2Fwp%2Fv2%2Fcomments&post=3053"}],"version-history":[{"count":1,"href":"https:\/\/www.atlas-almura.net\/index.php?rest_route=\/wp\/v2\/pages\/3053\/revisions"}],"predecessor-version":[{"id":3055,"href":"https:\/\/www.atlas-almura.net\/index.php?rest_route=\/wp\/v2\/pages\/3053\/revisions\/3055"}],"wp:attachment":[{"href":"https:\/\/www.atlas-almura.net\/index.php?rest_route=%2Fwp%2Fv2%2Fmedia&parent=3053"}],"curies":[{"name":"wp","href":"https:\/\/api.w.org\/{rel}","templated":true}]}}