{"id":1740,"date":"2014-10-28T22:56:49","date_gmt":"2014-10-28T22:56:49","guid":{"rendered":"http:\/\/www.atlas-almura.net\/?page_id=1740"},"modified":"2014-10-28T22:56:49","modified_gmt":"2014-10-28T22:56:49","slug":"apres-la-tetee-il-est-heureux-et-repu","status":"publish","type":"page","link":"https:\/\/www.atlas-almura.net\/?page_id=1740","title":{"rendered":"Apr\u00e8s la t\u00eat\u00e9e, il est heureux et repu"},"content":{"rendered":"<p><iframe loading=\"lazy\" width=\"600\" height=\"581\" src=\"wp-content\/sitealmura\/13-8a.html\"><\/iframe><\/p>\n","protected":false},"excerpt":{"rendered":"","protected":false},"author":1,"featured_media":0,"parent":0,"menu_order":0,"comment_status":"closed","ping_status":"closed","template":"","meta":{"footnotes":""},"_links":{"self":[{"href":"https:\/\/www.atlas-almura.net\/index.php?rest_route=\/wp\/v2\/pages\/1740"}],"collection":[{"href":"https:\/\/www.atlas-almura.net\/index.php?rest_route=\/wp\/v2\/pages"}],"about":[{"href":"https:\/\/www.atlas-almura.net\/index.php?rest_route=\/wp\/v2\/types\/page"}],"author":[{"embeddable":true,"href":"https:\/\/www.atlas-almura.net\/index.php?rest_route=\/wp\/v2\/users\/1"}],"replies":[{"embeddable":true,"href":"https:\/\/www.atlas-almura.net\/index.php?rest_route=%2Fwp%2Fv2%2Fcomments&post=1740"}],"version-history":[{"count":1,"href":"https:\/\/www.atlas-almura.net\/index.php?rest_route=\/wp\/v2\/pages\/1740\/revisions"}],"predecessor-version":[{"id":1742,"href":"https:\/\/www.atlas-almura.net\/index.php?rest_route=\/wp\/v2\/pages\/1740\/revisions\/1742"}],"wp:attachment":[{"href":"https:\/\/www.atlas-almura.net\/index.php?rest_route=%2Fwp%2Fv2%2Fmedia&parent=1740"}],"curies":[{"name":"wp","href":"https:\/\/api.w.org\/{rel}","templated":true}]}}