{"id":1728,"date":"2014-10-28T22:53:58","date_gmt":"2014-10-28T22:53:58","guid":{"rendered":"http:\/\/www.atlas-almura.net\/?page_id=1728"},"modified":"2014-10-28T22:53:58","modified_gmt":"2014-10-28T22:53:58","slug":"le-bebe-est-ne","status":"publish","type":"page","link":"https:\/\/www.atlas-almura.net\/?page_id=1728","title":{"rendered":"Le b\u00e9b\u00e9 est n\u00e9"},"content":{"rendered":"<p><iframe loading=\"lazy\" width=\"600\" height=\"581\" src=\"wp-content\/sitealmura\/13-4a.html\"><\/iframe><\/p>\n","protected":false},"excerpt":{"rendered":"","protected":false},"author":1,"featured_media":0,"parent":0,"menu_order":0,"comment_status":"closed","ping_status":"closed","template":"","meta":{"footnotes":""},"_links":{"self":[{"href":"https:\/\/www.atlas-almura.net\/index.php?rest_route=\/wp\/v2\/pages\/1728"}],"collection":[{"href":"https:\/\/www.atlas-almura.net\/index.php?rest_route=\/wp\/v2\/pages"}],"about":[{"href":"https:\/\/www.atlas-almura.net\/index.php?rest_route=\/wp\/v2\/types\/page"}],"author":[{"embeddable":true,"href":"https:\/\/www.atlas-almura.net\/index.php?rest_route=\/wp\/v2\/users\/1"}],"replies":[{"embeddable":true,"href":"https:\/\/www.atlas-almura.net\/index.php?rest_route=%2Fwp%2Fv2%2Fcomments&post=1728"}],"version-history":[{"count":1,"href":"https:\/\/www.atlas-almura.net\/index.php?rest_route=\/wp\/v2\/pages\/1728\/revisions"}],"predecessor-version":[{"id":1730,"href":"https:\/\/www.atlas-almura.net\/index.php?rest_route=\/wp\/v2\/pages\/1728\/revisions\/1730"}],"wp:attachment":[{"href":"https:\/\/www.atlas-almura.net\/index.php?rest_route=%2Fwp%2Fv2%2Fmedia&parent=1728"}],"curies":[{"name":"wp","href":"https:\/\/api.w.org\/{rel}","templated":true}]}}