{"id":1725,"date":"2014-10-28T22:53:23","date_gmt":"2014-10-28T22:53:23","guid":{"rendered":"http:\/\/www.atlas-almura.net\/?page_id=1725"},"modified":"2014-10-28T22:53:23","modified_gmt":"2014-10-28T22:53:23","slug":"le-bebe-va-naitre-bientot","status":"publish","type":"page","link":"https:\/\/www.atlas-almura.net\/?page_id=1725","title":{"rendered":"Le b\u00e9b\u00e9 va na\u00eetre (bient\u00f4t)"},"content":{"rendered":"<p><iframe loading=\"lazy\" width=\"600\" height=\"581\" src=\"wp-content\/sitealmura\/13-3a.html\"><\/iframe><\/p>\n","protected":false},"excerpt":{"rendered":"","protected":false},"author":1,"featured_media":0,"parent":0,"menu_order":0,"comment_status":"closed","ping_status":"closed","template":"","meta":{"footnotes":""},"_links":{"self":[{"href":"https:\/\/www.atlas-almura.net\/index.php?rest_route=\/wp\/v2\/pages\/1725"}],"collection":[{"href":"https:\/\/www.atlas-almura.net\/index.php?rest_route=\/wp\/v2\/pages"}],"about":[{"href":"https:\/\/www.atlas-almura.net\/index.php?rest_route=\/wp\/v2\/types\/page"}],"author":[{"embeddable":true,"href":"https:\/\/www.atlas-almura.net\/index.php?rest_route=\/wp\/v2\/users\/1"}],"replies":[{"embeddable":true,"href":"https:\/\/www.atlas-almura.net\/index.php?rest_route=%2Fwp%2Fv2%2Fcomments&post=1725"}],"version-history":[{"count":1,"href":"https:\/\/www.atlas-almura.net\/index.php?rest_route=\/wp\/v2\/pages\/1725\/revisions"}],"predecessor-version":[{"id":1727,"href":"https:\/\/www.atlas-almura.net\/index.php?rest_route=\/wp\/v2\/pages\/1725\/revisions\/1727"}],"wp:attachment":[{"href":"https:\/\/www.atlas-almura.net\/index.php?rest_route=%2Fwp%2Fv2%2Fmedia&parent=1725"}],"curies":[{"name":"wp","href":"https:\/\/api.w.org\/{rel}","templated":true}]}}