{"id":1068,"date":"2014-10-21T16:49:31","date_gmt":"2014-10-21T16:49:31","guid":{"rendered":"http:\/\/www.atlas-almura.net\/?page_id=1068"},"modified":"2014-10-21T16:49:31","modified_gmt":"2014-10-21T16:49:31","slug":"le-foin-expose-du-cote-ombre","status":"publish","type":"page","link":"https:\/\/www.atlas-almura.net\/?page_id=1068","title":{"rendered":"Le foin expos\u00e9 du c\u00f4t\u00e9 ombre"},"content":{"rendered":"<p><iframe loading=\"lazy\" width=\"600\" height=\"581\" src=\"wp-content\/sitealmura\/4-11b.html\"><\/iframe><\/p>\n","protected":false},"excerpt":{"rendered":"","protected":false},"author":1,"featured_media":0,"parent":0,"menu_order":0,"comment_status":"closed","ping_status":"closed","template":"","meta":{"footnotes":""},"_links":{"self":[{"href":"https:\/\/www.atlas-almura.net\/index.php?rest_route=\/wp\/v2\/pages\/1068"}],"collection":[{"href":"https:\/\/www.atlas-almura.net\/index.php?rest_route=\/wp\/v2\/pages"}],"about":[{"href":"https:\/\/www.atlas-almura.net\/index.php?rest_route=\/wp\/v2\/types\/page"}],"author":[{"embeddable":true,"href":"https:\/\/www.atlas-almura.net\/index.php?rest_route=\/wp\/v2\/users\/1"}],"replies":[{"embeddable":true,"href":"https:\/\/www.atlas-almura.net\/index.php?rest_route=%2Fwp%2Fv2%2Fcomments&post=1068"}],"version-history":[{"count":1,"href":"https:\/\/www.atlas-almura.net\/index.php?rest_route=\/wp\/v2\/pages\/1068\/revisions"}],"predecessor-version":[{"id":1070,"href":"https:\/\/www.atlas-almura.net\/index.php?rest_route=\/wp\/v2\/pages\/1068\/revisions\/1070"}],"wp:attachment":[{"href":"https:\/\/www.atlas-almura.net\/index.php?rest_route=%2Fwp%2Fv2%2Fmedia&parent=1068"}],"curies":[{"name":"wp","href":"https:\/\/api.w.org\/{rel}","templated":true}]}}